{"id":441,"date":"2025-03-28T14:48:32","date_gmt":"2025-03-28T14:48:32","guid":{"rendered":"https:\/\/goodlooking-cooking.com\/?page_id=441"},"modified":"2025-06-11T17:57:56","modified_gmt":"2025-06-11T17:57:56","slug":"ofyr","status":"publish","type":"page","link":"https:\/\/goodlooking-cooking.com\/es\/ofyr\/","title":{"rendered":"OFYR"},"content":{"rendered":"<div data-elementor-type=\"wp-page\" data-elementor-id=\"441\" class=\"elementor elementor-441\" data-elementor-post-type=\"page\">\n\t\t\t\t<div class=\"elementor-element elementor-element-a2ea2b2 e-flex e-con-boxed e-con e-parent\" data-id=\"a2ea2b2\" data-element_type=\"container\" data-e-type=\"container\" data-settings=\"{&quot;background_background&quot;:&quot;classic&quot;}\">\n\t\t\t\t\t<div class=\"e-con-inner\">\n\t\t\t\t<div class=\"elementor-element elementor-element-71813b5 elementor-widget__width-initial elementor-widget elementor-widget-heading\" data-id=\"71813b5\" data-element_type=\"widget\" data-e-type=\"widget\" data-widget_type=\"heading.default\">\n\t\t\t\t<div class=\"elementor-widget-container\">\n\t\t\t\t\t<h2 class=\"elementor-heading-title elementor-size-default\">OFYR<\/h2>\t\t\t\t<\/div>\n\t\t\t\t<\/div>\n\t\t\t\t\t<\/div>\n\t\t\t\t<\/div>\n\t\t<div class=\"elementor-element elementor-element-8c21f31 e-flex e-con-boxed e-con e-parent\" data-id=\"8c21f31\" data-element_type=\"container\" data-e-type=\"container\">\n\t\t\t\t\t<div class=\"e-con-inner\">\n\t\t\t\t<div class=\"elementor-element elementor-element-5b90a61 elementor-widget elementor-widget-text-editor\" data-id=\"5b90a61\" data-element_type=\"widget\" data-e-type=\"widget\" data-widget_type=\"text-editor.default\">\n\t\t\t\t<div class=\"elementor-widget-container\">\n\t\t\t\t\t\t\t\t\t<p>Creemos que la comida puede hacer o deshacer la fiesta. Queremos ayudarle a crear un men\u00fa y un ambiente memorables para su evento.<\/p><p>Estamos aqu\u00ed para ayudarle en todos los aspectos de la organizaci\u00f3n de su catering al aire libre. Desde la selecci\u00f3n de los platos y bebidas adecuados hasta la planificaci\u00f3n de una presentaci\u00f3n impresionante, estamos aqu\u00ed para garantizar que su evento sea un gran \u00e9xito.<\/p>\t\t\t\t\t\t\t\t<\/div>\n\t\t\t\t<\/div>\n\t\t\t\t<div class=\"elementor-element elementor-element-4b40099 elementor-widget elementor-widget-spacer\" data-id=\"4b40099\" data-element_type=\"widget\" data-e-type=\"widget\" data-widget_type=\"spacer.default\">\n\t\t\t\t<div class=\"elementor-widget-container\">\n\t\t\t\t\t\t\t<div class=\"elementor-spacer\">\n\t\t\t<div class=\"elementor-spacer-inner\"><\/div>\n\t\t<\/div>\n\t\t\t\t\t\t<\/div>\n\t\t\t\t<\/div>\n\t\t\t\t<div class=\"elementor-element elementor-element-41a8caa elementor-widget__width-initial elementor-align-center elementor-widget elementor-widget-button\" data-id=\"41a8caa\" data-element_type=\"widget\" data-e-type=\"widget\" data-widget_type=\"button.default\">\n\t\t\t\t<div class=\"elementor-widget-container\">\n\t\t\t\t\t\t\t\t\t<div class=\"elementor-button-wrapper\">\n\t\t\t\t\t<a class=\"elementor-button elementor-size-sm\" role=\"button\">\n\t\t\t\t\t\t<span class=\"elementor-button-content-wrapper\">\n\t\t\t\t\t\t\t\t\t<span class=\"elementor-button-text\">Solicitar un presupuesto<\/span>\n\t\t\t\t\t<\/span>\n\t\t\t\t\t<\/a>\n\t\t\t\t<\/div>\n\t\t\t\t\t\t\t\t<\/div>\n\t\t\t\t<\/div>\n\t\t\t\t\t<\/div>\n\t\t\t\t<\/div>\n\t\t<div class=\"elementor-element elementor-element-83f411d e-flex e-con-boxed e-con e-parent\" data-id=\"83f411d\" data-element_type=\"container\" data-e-type=\"container\" data-settings=\"{&quot;background_background&quot;:&quot;classic&quot;}\">\n\t\t\t\t\t<div class=\"e-con-inner\">\n\t\t\t\t<div class=\"elementor-element elementor-element-d78a72b elementor-widget elementor-widget-image\" data-id=\"d78a72b\" data-element_type=\"widget\" data-e-type=\"widget\" data-widget_type=\"image.default\">\n\t\t\t\t<div class=\"elementor-widget-container\">\n\t\t\t\t\t\t\t\t\t\t\t\t\t\t\t<img fetchpriority=\"high\" decoding=\"async\" width=\"1080\" height=\"95\" src=\"https:\/\/goodlooking-cooking.com\/wp-content\/uploads\/2025\/03\/Ontwerp-zonder-titel-16-e1743151925933.png\" class=\"attachment-full size-full wp-image-85\" alt=\"\" srcset=\"https:\/\/goodlooking-cooking.com\/wp-content\/uploads\/2025\/03\/Ontwerp-zonder-titel-16-e1743151925933.png 1080w, https:\/\/goodlooking-cooking.com\/wp-content\/uploads\/2025\/03\/Ontwerp-zonder-titel-16-e1743151925933-300x26.png 300w, https:\/\/goodlooking-cooking.com\/wp-content\/uploads\/2025\/03\/Ontwerp-zonder-titel-16-e1743151925933-1024x90.png 1024w, https:\/\/goodlooking-cooking.com\/wp-content\/uploads\/2025\/03\/Ontwerp-zonder-titel-16-e1743151925933-768x68.png 768w\" sizes=\"(max-width: 1080px) 100vw, 1080px\" \/>\t\t\t\t\t\t\t\t\t\t\t\t\t\t\t<\/div>\n\t\t\t\t<\/div>\n\t\t\t\t\t<\/div>\n\t\t\t\t<\/div>\n\t\t<div class=\"elementor-element elementor-element-62eb994 e-flex e-con-boxed e-con e-parent\" data-id=\"62eb994\" data-element_type=\"container\" data-e-type=\"container\">\n\t\t\t\t\t<div class=\"e-con-inner\">\n\t\t<div class=\"elementor-element elementor-element-e1407a0 e-con-full e-flex e-con e-child\" data-id=\"e1407a0\" data-element_type=\"container\" data-e-type=\"container\">\n\t\t\t\t<div class=\"elementor-element elementor-element-0aef969 elementor-widget elementor-widget-image\" data-id=\"0aef969\" data-element_type=\"widget\" data-e-type=\"widget\" data-widget_type=\"image.default\">\n\t\t\t\t<div class=\"elementor-widget-container\">\n\t\t\t\t\t\t\t\t\t\t\t\t\t\t\t<img decoding=\"async\" width=\"800\" height=\"800\" src=\"https:\/\/goodlooking-cooking.com\/wp-content\/uploads\/2025\/03\/OFYR-CATERING.png\" class=\"attachment-full size-full wp-image-443\" alt=\"\" srcset=\"https:\/\/goodlooking-cooking.com\/wp-content\/uploads\/2025\/03\/OFYR-CATERING.png 800w, https:\/\/goodlooking-cooking.com\/wp-content\/uploads\/2025\/03\/OFYR-CATERING-300x300.png 300w, https:\/\/goodlooking-cooking.com\/wp-content\/uploads\/2025\/03\/OFYR-CATERING-150x150.png 150w, https:\/\/goodlooking-cooking.com\/wp-content\/uploads\/2025\/03\/OFYR-CATERING-768x768.png 768w\" sizes=\"(max-width: 800px) 100vw, 800px\" \/>\t\t\t\t\t\t\t\t\t\t\t\t\t\t\t<\/div>\n\t\t\t\t<\/div>\n\t\t\t\t<\/div>\n\t\t<div class=\"elementor-element elementor-element-3f05f37 e-con-full e-flex e-con e-child\" data-id=\"3f05f37\" data-element_type=\"container\" data-e-type=\"container\">\n\t\t<div class=\"elementor-element elementor-element-9116f89 e-con-full e-flex e-con e-child\" data-id=\"9116f89\" data-element_type=\"container\" data-e-type=\"container\">\n\t\t\t\t<div class=\"elementor-element elementor-element-b8e3b0d elementor-widget elementor-widget-heading\" data-id=\"b8e3b0d\" data-element_type=\"widget\" data-e-type=\"widget\" data-widget_type=\"heading.default\">\n\t\t\t\t<div class=\"elementor-widget-container\">\n\t\t\t\t\t<h2 class=\"elementor-heading-title elementor-size-default\">Programa de cocina en directo<\/h2>\t\t\t\t<\/div>\n\t\t\t\t<\/div>\n\t\t\t\t<div class=\"elementor-element elementor-element-83368a6 elementor-widget elementor-widget-text-editor\" data-id=\"83368a6\" data-element_type=\"widget\" data-e-type=\"widget\" data-widget_type=\"text-editor.default\">\n\t\t\t\t<div class=\"elementor-widget-container\">\n\t\t\t\t\t\t\t\t\t<p>La cocina en vivo es una forma divertida e interactiva de involucrar a sus invitados en la comida que est\u00e1 preparando. Nuestros chefs son expertos en dar vida al pescado fresco, la carne y las verduras en la parrilla OFYR o Monolith Grill, para que puedas mostrar lo deliciosa que ser\u00e1 tu comida.<\/p><p>El crepitar de la le\u00f1a, el calor del fuego y el olor de la comida llevar\u00e1n a sus invitados a un viaje culinario con nuestros servicios de cocina en vivo. Desde peque\u00f1os platos hasta una cena de siete, \u00a1puedes acudir a nosotros!<\/p>\t\t\t\t\t\t\t\t<\/div>\n\t\t\t\t<\/div>\n\t\t\t\t<\/div>\n\t\t<div class=\"elementor-element elementor-element-8b62be4 e-con-full e-flex e-con e-child\" data-id=\"8b62be4\" data-element_type=\"container\" data-e-type=\"container\">\n\t\t\t\t<div class=\"elementor-element elementor-element-ac925dc elementor-widget elementor-widget-heading\" data-id=\"ac925dc\" data-element_type=\"widget\" data-e-type=\"widget\" data-widget_type=\"heading.default\">\n\t\t\t\t<div class=\"elementor-widget-container\">\n\t\t\t\t\t<h2 class=\"elementor-heading-title elementor-size-default\">Catering a medida<\/h2>\t\t\t\t<\/div>\n\t\t\t\t<\/div>\n\t\t\t\t<div class=\"elementor-element elementor-element-1fb2972 elementor-widget elementor-widget-text-editor\" data-id=\"1fb2972\" data-element_type=\"widget\" data-e-type=\"widget\" data-widget_type=\"text-editor.default\">\n\t\t\t\t<div class=\"elementor-widget-container\">\n\t\t\t\t\t\t\t\t\t<p>Nuestros servicios de catering incluyen:<\/p><ul><li>Dise\u00f1o y creaci\u00f3n de men\u00fas personalizados en funci\u00f3n de sus preferencias y presupuesto<\/li><li>Platos \u00fanicos, incluidos men\u00fas de temporada y platos aptos para hu\u00e9spedes con alergias alimentarias o necesidades especiales.<\/li><li>Impresionantes ideas de presentaci\u00f3n para realzar el aspecto de su evento<\/li><\/ul>\t\t\t\t\t\t\t\t<\/div>\n\t\t\t\t<\/div>\n\t\t\t\t<\/div>\n\t\t\t\t<\/div>\n\t\t\t\t\t<\/div>\n\t\t\t\t<\/div>\n\t\t<div class=\"elementor-element elementor-element-ebca20d e-flex e-con-boxed e-con e-parent\" data-id=\"ebca20d\" data-element_type=\"container\" data-e-type=\"container\">\n\t\t\t\t\t<div class=\"e-con-inner\">\n\t\t<div class=\"elementor-element elementor-element-ca2adee e-con-full e-flex e-con e-child\" data-id=\"ca2adee\" data-element_type=\"container\" data-e-type=\"container\">\n\t\t\t\t<div class=\"elementor-element elementor-element-2d94954 elementor-widget elementor-widget-image\" data-id=\"2d94954\" data-element_type=\"widget\" data-e-type=\"widget\" data-widget_type=\"image.default\">\n\t\t\t\t<div class=\"elementor-widget-container\">\n\t\t\t\t\t\t\t\t\t\t\t\t\t\t\t<img decoding=\"async\" width=\"800\" height=\"800\" src=\"https:\/\/goodlooking-cooking.com\/wp-content\/uploads\/2025\/03\/Outdoor-Catering.png\" class=\"attachment-full size-full wp-image-444\" alt=\"\" srcset=\"https:\/\/goodlooking-cooking.com\/wp-content\/uploads\/2025\/03\/Outdoor-Catering.png 800w, https:\/\/goodlooking-cooking.com\/wp-content\/uploads\/2025\/03\/Outdoor-Catering-300x300.png 300w, https:\/\/goodlooking-cooking.com\/wp-content\/uploads\/2025\/03\/Outdoor-Catering-150x150.png 150w, https:\/\/goodlooking-cooking.com\/wp-content\/uploads\/2025\/03\/Outdoor-Catering-768x768.png 768w\" sizes=\"(max-width: 800px) 100vw, 800px\" \/>\t\t\t\t\t\t\t\t\t\t\t\t\t\t\t<\/div>\n\t\t\t\t<\/div>\n\t\t\t\t<\/div>\n\t\t<div class=\"elementor-element elementor-element-5b76b7c e-con-full e-flex e-con e-child\" data-id=\"5b76b7c\" data-element_type=\"container\" data-e-type=\"container\">\n\t\t\t\t<div class=\"elementor-element elementor-element-6fc51c9 elementor-widget elementor-widget-heading\" data-id=\"6fc51c9\" data-element_type=\"widget\" data-e-type=\"widget\" data-widget_type=\"heading.default\">\n\t\t\t\t<div class=\"elementor-widget-container\">\n\t\t\t\t\t<h2 class=\"elementor-heading-title elementor-size-default\">Catering para cocinar al aire libre<\/h2>\t\t\t\t<\/div>\n\t\t\t\t<\/div>\n\t\t\t\t<div class=\"elementor-element elementor-element-d49764e elementor-widget elementor-widget-text-editor\" data-id=\"d49764e\" data-element_type=\"widget\" data-e-type=\"widget\" data-widget_type=\"text-editor.default\">\n\t\t\t\t<div class=\"elementor-widget-container\">\n\t\t\t\t\t\t\t\t\t<p>GoodLooking Cooking es diferente de un servicio de catering est\u00e1ndar. Y eso es lo que usted quiere.<\/p><p>Cuando eliges esta forma exclusiva de catering, obtienes algo muy especial: todo se hace con fuego de le\u00f1a o briquetas, cocinado con nuestros resistentes materiales para cocinar al aire libre, como tr\u00edpodes, la parrilla Monolith, el OFYR y los hornos holandeses. Trabajamos exclusivamente con productos ecol\u00f3gicos y apoyamos a nuestros agricultores locales, por lo que nos gusta abastecernos de ellos. En la medida de lo posible, de la regi\u00f3n de Maas y Waal.<\/p><p>Variamos desde una panceta de cerdo lacada hasta una cena compartida completamente sin gluten. Cocinamos con productos de temporada apetecibles. Cocinamos con lo que recogemos de la tierra. El catering de cocina en vivo es una cocina muy atmosf\u00e9rica y todo tiene lugar en el exterior: no hay actividad en el interior pero todo es agradable y acogedor en el exterior... todos los invitados vienen a ver el fuego y a hacernos todas sus preguntas... \u00a1y eso nos gusta!<\/p><p>Nuestros chefs son muy buenos comunicadores y les encanta hablar con pasi\u00f3n de su oficio. La convivencia es nuestra m\u00e1xima prioridad. Nos aseguramos de que durante el catering de cocina en vivo al aire libre, todo est\u00e9 cuidado hasta el \u00faltimo detalle; \u00a1tambi\u00e9n estaremos encantados de encargarnos de la decoraci\u00f3n por usted!<\/p>\t\t\t\t\t\t\t\t<\/div>\n\t\t\t\t<\/div>\n\t\t\t\t<\/div>\n\t\t\t\t\t<\/div>\n\t\t\t\t<\/div>\n\t\t<div class=\"elementor-element elementor-element-fb8ecfc e-flex e-con-boxed e-con e-parent\" data-id=\"fb8ecfc\" data-element_type=\"container\" data-e-type=\"container\" data-settings=\"{&quot;background_background&quot;:&quot;classic&quot;}\">\n\t\t\t\t\t<div class=\"e-con-inner\">\n\t\t<div class=\"elementor-element elementor-element-5473526 e-con-full e-flex e-con e-child\" data-id=\"5473526\" data-element_type=\"container\" data-e-type=\"container\">\n\t\t\t\t<div class=\"elementor-element elementor-element-4d4f3fc elementor-widget elementor-widget-image\" data-id=\"4d4f3fc\" data-element_type=\"widget\" data-e-type=\"widget\" data-widget_type=\"image.default\">\n\t\t\t\t<div class=\"elementor-widget-container\">\n\t\t\t\t\t\t\t\t\t\t\t\t\t\t\t<img loading=\"lazy\" decoding=\"async\" width=\"1000\" height=\"1000\" src=\"https:\/\/goodlooking-cooking.com\/wp-content\/uploads\/2025\/03\/Styling-event.png\" class=\"attachment-full size-full wp-image-352\" alt=\"\" srcset=\"https:\/\/goodlooking-cooking.com\/wp-content\/uploads\/2025\/03\/Styling-event.png 1000w, https:\/\/goodlooking-cooking.com\/wp-content\/uploads\/2025\/03\/Styling-event-300x300.png 300w, https:\/\/goodlooking-cooking.com\/wp-content\/uploads\/2025\/03\/Styling-event-150x150.png 150w, https:\/\/goodlooking-cooking.com\/wp-content\/uploads\/2025\/03\/Styling-event-768x768.png 768w\" sizes=\"(max-width: 1000px) 100vw, 1000px\" \/>\t\t\t\t\t\t\t\t\t\t\t\t\t\t\t<\/div>\n\t\t\t\t<\/div>\n\t\t\t\t<\/div>\n\t\t<div class=\"elementor-element elementor-element-ff7975c e-con-full e-flex e-con e-child\" data-id=\"ff7975c\" data-element_type=\"container\" data-e-type=\"container\">\n\t\t\t\t<div class=\"elementor-element elementor-element-6fdc57b elementor-widget elementor-widget-heading\" data-id=\"6fdc57b\" data-element_type=\"widget\" data-e-type=\"widget\" data-widget_type=\"heading.default\">\n\t\t\t\t<div class=\"elementor-widget-container\">\n\t\t\t\t\t<h2 class=\"elementor-heading-title elementor-size-default\">ESTILISMO PARA EVENTOS<\/h2>\t\t\t\t<\/div>\n\t\t\t\t<\/div>\n\t\t\t\t<div class=\"elementor-element elementor-element-f13ba35 elementor-widget elementor-widget-text-editor\" data-id=\"f13ba35\" data-element_type=\"widget\" data-e-type=\"widget\" data-widget_type=\"text-editor.default\">\n\t\t\t\t<div class=\"elementor-widget-container\">\n\t\t\t\t\t\t\t\t\t<p class=\"\" data-start=\"205\" data-end=\"400\">Somos un equipo de creadores de experiencias que creen en el poder del fuego, el sabor y la uni\u00f3n. Con nuestra experiencia culinaria OFYR, creamos eventos elegantes y \u00fanicos en los que la conexi\u00f3n es la clave.<\/p><p class=\"\" data-start=\"402\" data-end=\"668\">El ic\u00f3nico cuenco de fuego es el coraz\u00f3n del entorno, un lugar donde la gente se re\u00fane, disfruta y crea recuerdos. El calor del fuego, el olor a comida reci\u00e9n preparada y el ambiente animado crean una experiencia total que permanecer\u00e1 en la memoria de sus invitados durante mucho tiempo.<\/p><p class=\"\" data-start=\"670\" data-end=\"941\">Nos ocupamos de la decoraci\u00f3n, adaptada a sus deseos y al momento. Todos los detalles son correctos, desde la presentaci\u00f3n hasta la hospitalidad. Nuestros chefs OFYR preparan los platos m\u00e1s sabrosos en directo, directamente de la plancha, para un espect\u00e1culo culinario lleno de experiencias.<\/p><p class=\"\" data-start=\"943\" data-end=\"1169\">Ya sea una fiesta de empresa, una ocasi\u00f3n familiar o una cena exclusiva: un evento OFYR es siempre atmosf\u00e9rico, sorprendente y conectivo. Unimos fuego, sabor y estilo para que usted solo tenga que disfrutar.<\/p><p>Solicite ahora un presupuesto sin compromiso.<\/p>\t\t\t\t\t\t\t\t<\/div>\n\t\t\t\t<\/div>\n\t\t\t\t<div class=\"elementor-element elementor-element-8a43a6b elementor-widget__width-initial elementor-align-left elementor-widget elementor-widget-button\" data-id=\"8a43a6b\" data-element_type=\"widget\" data-e-type=\"widget\" data-widget_type=\"button.default\">\n\t\t\t\t<div class=\"elementor-widget-container\">\n\t\t\t\t\t\t\t\t\t<div class=\"elementor-button-wrapper\">\n\t\t\t\t\t<a class=\"elementor-button elementor-size-sm\" role=\"button\">\n\t\t\t\t\t\t<span class=\"elementor-button-content-wrapper\">\n\t\t\t\t\t\t\t\t\t<span class=\"elementor-button-text\">Solicitar un presupuesto<\/span>\n\t\t\t\t\t<\/span>\n\t\t\t\t\t<\/a>\n\t\t\t\t<\/div>\n\t\t\t\t\t\t\t\t<\/div>\n\t\t\t\t<\/div>\n\t\t\t\t<\/div>\n\t\t\t\t\t<\/div>\n\t\t\t\t<\/div>\n\t\t\t\t<\/div>","protected":false},"excerpt":{"rendered":"<p>OFYR Wij geloven dat eten het feest kan maken of breken. Wij willen je helpen om een gedenkwaardig menu en sfeer te cre\u00ebren voor jouw evenement. We zijn er om je te helpen met alle aspecten van het organiseren van je outdoor catering. Van het selecteren van de juiste gerechten en drankjes tot het plannen [&hellip;]<\/p>\n","protected":false},"author":2,"featured_media":0,"parent":0,"menu_order":0,"comment_status":"closed","ping_status":"closed","template":"elementor_header_footer","meta":{"footnotes":""},"class_list":["post-441","page","type-page","status-publish","hentry"],"yoast_head":"<!-- This site is optimized with the Yoast SEO plugin v27.4 - https:\/\/yoast.com\/product\/yoast-seo-wordpress\/ -->\n<title>OFYR - Good Looking Cooking<\/title>\n<meta name=\"robots\" content=\"index, follow, max-snippet:-1, max-image-preview:large, max-video-preview:-1\" \/>\n<link rel=\"canonical\" href=\"https:\/\/goodlooking-cooking.com\/es\/ofyr\/\" \/>\n<meta property=\"og:locale\" content=\"es_ES\" \/>\n<meta property=\"og:type\" content=\"article\" \/>\n<meta property=\"og:title\" content=\"OFYR - Good Looking Cooking\" \/>\n<meta property=\"og:description\" content=\"OFYR Wij geloven dat eten het feest kan maken of breken. Wij willen je helpen om een gedenkwaardig menu en sfeer te cre\u00ebren voor jouw evenement. We zijn er om je te helpen met alle aspecten van het organiseren van je outdoor catering. Van het selecteren van de juiste gerechten en drankjes tot het plannen [&hellip;]\" \/>\n<meta property=\"og:url\" content=\"https:\/\/goodlooking-cooking.com\/es\/ofyr\/\" \/>\n<meta property=\"og:site_name\" content=\"Good Looking Cooking\" \/>\n<meta property=\"article:modified_time\" content=\"2025-06-11T17:57:56+00:00\" \/>\n<meta property=\"og:image\" content=\"https:\/\/goodlooking-cooking.com\/wp-content\/uploads\/2025\/03\/Ontwerp-zonder-titel-16-e1743151925933.png\" \/>\n<meta name=\"twitter:card\" content=\"summary_large_image\" \/>\n<meta name=\"twitter:label1\" content=\"Tiempo de lectura\" \/>\n\t<meta name=\"twitter:data1\" content=\"4 minutos\" \/>\n<script type=\"application\/ld+json\" class=\"yoast-schema-graph\">{\"@context\":\"https:\\\/\\\/schema.org\",\"@graph\":[{\"@type\":\"WebPage\",\"@id\":\"https:\\\/\\\/goodlooking-cooking.com\\\/en\\\/ofyr\\\/\",\"url\":\"https:\\\/\\\/goodlooking-cooking.com\\\/en\\\/ofyr\\\/\",\"name\":\"OFYR - Good Looking Cooking\",\"isPartOf\":{\"@id\":\"https:\\\/\\\/goodlooking-cooking.com\\\/en\\\/#website\"},\"primaryImageOfPage\":{\"@id\":\"https:\\\/\\\/goodlooking-cooking.com\\\/en\\\/ofyr\\\/#primaryimage\"},\"image\":{\"@id\":\"https:\\\/\\\/goodlooking-cooking.com\\\/en\\\/ofyr\\\/#primaryimage\"},\"thumbnailUrl\":\"https:\\\/\\\/goodlooking-cooking.com\\\/wp-content\\\/uploads\\\/2025\\\/03\\\/Ontwerp-zonder-titel-16-e1743151925933.png\",\"datePublished\":\"2025-03-28T14:48:32+00:00\",\"dateModified\":\"2025-06-11T17:57:56+00:00\",\"breadcrumb\":{\"@id\":\"https:\\\/\\\/goodlooking-cooking.com\\\/en\\\/ofyr\\\/#breadcrumb\"},\"inLanguage\":\"es\",\"potentialAction\":[{\"@type\":\"ReadAction\",\"target\":[\"https:\\\/\\\/goodlooking-cooking.com\\\/en\\\/ofyr\\\/\"]}]},{\"@type\":\"ImageObject\",\"inLanguage\":\"es\",\"@id\":\"https:\\\/\\\/goodlooking-cooking.com\\\/en\\\/ofyr\\\/#primaryimage\",\"url\":\"https:\\\/\\\/goodlooking-cooking.com\\\/wp-content\\\/uploads\\\/2025\\\/03\\\/Ontwerp-zonder-titel-16-e1743151925933.png\",\"contentUrl\":\"https:\\\/\\\/goodlooking-cooking.com\\\/wp-content\\\/uploads\\\/2025\\\/03\\\/Ontwerp-zonder-titel-16-e1743151925933.png\"},{\"@type\":\"BreadcrumbList\",\"@id\":\"https:\\\/\\\/goodlooking-cooking.com\\\/en\\\/ofyr\\\/#breadcrumb\",\"itemListElement\":[{\"@type\":\"ListItem\",\"position\":1,\"name\":\"Home\",\"item\":\"https:\\\/\\\/goodlooking-cooking.com\\\/en\\\/\"},{\"@type\":\"ListItem\",\"position\":2,\"name\":\"OFYR\"}]},{\"@type\":\"WebSite\",\"@id\":\"https:\\\/\\\/goodlooking-cooking.com\\\/en\\\/#website\",\"url\":\"https:\\\/\\\/goodlooking-cooking.com\\\/en\\\/\",\"name\":\"Good Looking Cooking\",\"description\":\"\",\"publisher\":{\"@id\":\"https:\\\/\\\/goodlooking-cooking.com\\\/en\\\/#organization\"},\"potentialAction\":[{\"@type\":\"SearchAction\",\"target\":{\"@type\":\"EntryPoint\",\"urlTemplate\":\"https:\\\/\\\/goodlooking-cooking.com\\\/en\\\/?s={search_term_string}\"},\"query-input\":{\"@type\":\"PropertyValueSpecification\",\"valueRequired\":true,\"valueName\":\"search_term_string\"}}],\"inLanguage\":\"es\"},{\"@type\":\"Organization\",\"@id\":\"https:\\\/\\\/goodlooking-cooking.com\\\/en\\\/#organization\",\"name\":\"Good Looking Cooking\",\"url\":\"https:\\\/\\\/goodlooking-cooking.com\\\/en\\\/\",\"logo\":{\"@type\":\"ImageObject\",\"inLanguage\":\"es\",\"@id\":\"https:\\\/\\\/goodlooking-cooking.com\\\/en\\\/#\\\/schema\\\/logo\\\/image\\\/\",\"url\":\"https:\\\/\\\/goodlooking-cooking.com\\\/wp-content\\\/uploads\\\/2025\\\/03\\\/Logo_GLC_Goud-transparant-e1750332443283.png\",\"contentUrl\":\"https:\\\/\\\/goodlooking-cooking.com\\\/wp-content\\\/uploads\\\/2025\\\/03\\\/Logo_GLC_Goud-transparant-e1750332443283.png\",\"width\":900,\"height\":473,\"caption\":\"Good Looking Cooking\"},\"image\":{\"@id\":\"https:\\\/\\\/goodlooking-cooking.com\\\/en\\\/#\\\/schema\\\/logo\\\/image\\\/\"}}]}<\/script>\n<!-- \/ Yoast SEO plugin. -->","yoast_head_json":{"title":"OFYR - Cocina con buena pinta","robots":{"index":"index","follow":"follow","max-snippet":"max-snippet:-1","max-image-preview":"max-image-preview:large","max-video-preview":"max-video-preview:-1"},"canonical":"https:\/\/goodlooking-cooking.com\/es\/ofyr\/","og_locale":"es_ES","og_type":"article","og_title":"OFYR - Good Looking Cooking","og_description":"OFYR Wij geloven dat eten het feest kan maken of breken. Wij willen je helpen om een gedenkwaardig menu en sfeer te cre\u00ebren voor jouw evenement. We zijn er om je te helpen met alle aspecten van het organiseren van je outdoor catering. Van het selecteren van de juiste gerechten en drankjes tot het plannen [&hellip;]","og_url":"https:\/\/goodlooking-cooking.com\/es\/ofyr\/","og_site_name":"Good Looking Cooking","article_modified_time":"2025-06-11T17:57:56+00:00","og_image":[{"url":"https:\/\/goodlooking-cooking.com\/wp-content\/uploads\/2025\/03\/Ontwerp-zonder-titel-16-e1743151925933.png","type":"","width":"","height":""}],"twitter_card":"summary_large_image","twitter_misc":{"Tiempo de lectura":"4 minutos"},"schema":{"@context":"https:\/\/schema.org","@graph":[{"@type":"WebPage","@id":"https:\/\/goodlooking-cooking.com\/en\/ofyr\/","url":"https:\/\/goodlooking-cooking.com\/en\/ofyr\/","name":"OFYR - Cocina con buena pinta","isPartOf":{"@id":"https:\/\/goodlooking-cooking.com\/en\/#website"},"primaryImageOfPage":{"@id":"https:\/\/goodlooking-cooking.com\/en\/ofyr\/#primaryimage"},"image":{"@id":"https:\/\/goodlooking-cooking.com\/en\/ofyr\/#primaryimage"},"thumbnailUrl":"https:\/\/goodlooking-cooking.com\/wp-content\/uploads\/2025\/03\/Ontwerp-zonder-titel-16-e1743151925933.png","datePublished":"2025-03-28T14:48:32+00:00","dateModified":"2025-06-11T17:57:56+00:00","breadcrumb":{"@id":"https:\/\/goodlooking-cooking.com\/en\/ofyr\/#breadcrumb"},"inLanguage":"es","potentialAction":[{"@type":"ReadAction","target":["https:\/\/goodlooking-cooking.com\/en\/ofyr\/"]}]},{"@type":"ImageObject","inLanguage":"es","@id":"https:\/\/goodlooking-cooking.com\/en\/ofyr\/#primaryimage","url":"https:\/\/goodlooking-cooking.com\/wp-content\/uploads\/2025\/03\/Ontwerp-zonder-titel-16-e1743151925933.png","contentUrl":"https:\/\/goodlooking-cooking.com\/wp-content\/uploads\/2025\/03\/Ontwerp-zonder-titel-16-e1743151925933.png"},{"@type":"BreadcrumbList","@id":"https:\/\/goodlooking-cooking.com\/en\/ofyr\/#breadcrumb","itemListElement":[{"@type":"ListItem","position":1,"name":"Home","item":"https:\/\/goodlooking-cooking.com\/en\/"},{"@type":"ListItem","position":2,"name":"OFYR"}]},{"@type":"WebSite","@id":"https:\/\/goodlooking-cooking.com\/en\/#website","url":"https:\/\/goodlooking-cooking.com\/en\/","name":"Cocina con buena pinta","description":"","publisher":{"@id":"https:\/\/goodlooking-cooking.com\/en\/#organization"},"potentialAction":[{"@type":"SearchAction","target":{"@type":"EntryPoint","urlTemplate":"https:\/\/goodlooking-cooking.com\/en\/?s={search_term_string}"},"query-input":{"@type":"PropertyValueSpecification","valueRequired":true,"valueName":"search_term_string"}}],"inLanguage":"es"},{"@type":"Organization","@id":"https:\/\/goodlooking-cooking.com\/en\/#organization","name":"Cocina con buena pinta","url":"https:\/\/goodlooking-cooking.com\/en\/","logo":{"@type":"ImageObject","inLanguage":"es","@id":"https:\/\/goodlooking-cooking.com\/en\/#\/schema\/logo\/image\/","url":"https:\/\/goodlooking-cooking.com\/wp-content\/uploads\/2025\/03\/Logo_GLC_Goud-transparant-e1750332443283.png","contentUrl":"https:\/\/goodlooking-cooking.com\/wp-content\/uploads\/2025\/03\/Logo_GLC_Goud-transparant-e1750332443283.png","width":900,"height":473,"caption":"Good Looking Cooking"},"image":{"@id":"https:\/\/goodlooking-cooking.com\/en\/#\/schema\/logo\/image\/"}}]}},"_links":{"self":[{"href":"https:\/\/goodlooking-cooking.com\/es\/wp-json\/wp\/v2\/pages\/441","targetHints":{"allow":["GET"]}}],"collection":[{"href":"https:\/\/goodlooking-cooking.com\/es\/wp-json\/wp\/v2\/pages"}],"about":[{"href":"https:\/\/goodlooking-cooking.com\/es\/wp-json\/wp\/v2\/types\/page"}],"author":[{"embeddable":true,"href":"https:\/\/goodlooking-cooking.com\/es\/wp-json\/wp\/v2\/users\/2"}],"replies":[{"embeddable":true,"href":"https:\/\/goodlooking-cooking.com\/es\/wp-json\/wp\/v2\/comments?post=441"}],"version-history":[{"count":17,"href":"https:\/\/goodlooking-cooking.com\/es\/wp-json\/wp\/v2\/pages\/441\/revisions"}],"predecessor-version":[{"id":946,"href":"https:\/\/goodlooking-cooking.com\/es\/wp-json\/wp\/v2\/pages\/441\/revisions\/946"}],"wp:attachment":[{"href":"https:\/\/goodlooking-cooking.com\/es\/wp-json\/wp\/v2\/media?parent=441"}],"curies":[{"name":"wp","href":"https:\/\/api.w.org\/{rel}","templated":true}]}}