{"id":307,"date":"2025-03-28T12:45:28","date_gmt":"2025-03-28T12:45:28","guid":{"rendered":"https:\/\/goodlooking-cooking.com\/?page_id=307"},"modified":"2025-03-28T12:47:08","modified_gmt":"2025-03-28T12:47:08","slug":"cookieverklaring","status":"publish","type":"page","link":"https:\/\/goodlooking-cooking.com\/es\/cookieverklaring\/","title":{"rendered":"Declaraci\u00f3n sobre cookies"},"content":{"rendered":"<div data-elementor-type=\"wp-page\" data-elementor-id=\"307\" class=\"elementor elementor-307\" data-elementor-post-type=\"page\">\n\t\t\t\t<div class=\"elementor-element elementor-element-67899056 e-flex e-con-boxed e-con e-parent\" data-id=\"67899056\" data-element_type=\"container\" data-e-type=\"container\">\n\t\t\t\t\t<div class=\"e-con-inner\">\n\t\t\t\t<div class=\"elementor-element elementor-element-4f9bb225 elementor-widget elementor-widget-text-editor\" data-id=\"4f9bb225\" data-element_type=\"widget\" data-e-type=\"widget\" data-widget_type=\"text-editor.default\">\n\t\t\t\t<div class=\"elementor-widget-container\">\n\t\t\t\t\t\t\t\t\t<h1>Declaraci\u00f3n sobre cookies<\/h1>\n<p>Goodlooking Cooking utiliza varios tipos de cookies (peque\u00f1os archivos de texto que se almacenan en su dispositivo) y tecnolog\u00edas similares, que recopilan los datos necesarios para prestar nuestros servicios.<\/p>\n<p>Las cookies nos permiten, entre otras cosas: almacenar sus preferencias y configuraci\u00f3n, prevenir el fraude, proporcionar un formulario de contacto, integrar las redes sociales y analizar el rendimiento de nuestro sitio web y nuestros servicios en l\u00ednea.<\/p>\n<p>Para la colocaci\u00f3n de cookies funcionales y el uso limitado de cookies anal\u00edticas, que son entre otras cosas necesarias para que un servicio funcione, Goodlooking Cooking no requiere su consentimiento previo como visitante. Las cookies funcionales son, por ejemplo, archivos que realizan un seguimiento de lo que hay digitalmente en un carrito de la compra. Las cookies anal\u00edticas se utilizan, entre otras cosas, para hacer un seguimiento del n\u00famero de visitantes y mejorar el sitio web. Estas cookies deber\u00edan tener poco o ning\u00fan impacto en la privacidad del visitante.<\/p>\n<p>Todas las dem\u00e1s cookies, como las cookies de seguimiento, s\u00f3lo se utilizar\u00e1n si usted ha dado su consentimiento previo a Goodlooking Cooking.<\/p>\n<p>Al pulsar el bot\u00f3n \"Acepto\", usted da su consentimiento al uso de cookies y al tratamiento de los datos (personales) recogidos y procesados con la ayuda de cookies.<\/p>\n<p>Las ventanas emergentes garantizan que se solicite el consentimiento previo del visitante del sitio web. Este es el caso, por ejemplo, cuando tambi\u00e9n se utilizan datos estad\u00edsticos para elaborar perfiles de visitantes.<\/p>\n<p>Las cookies (y otras t\u00e9cnicas similares como javascript) garantizan, por ejemplo, que pueda seguir conectado a un sitio web o que se recuerden los ajustes de ubicaci\u00f3n e idioma (funcionales).<\/p>\n<p>Las cookies tambi\u00e9n permiten a los propietarios de sitios web saber con qu\u00e9 frecuencia los visitan y qu\u00e9 p\u00e1ginas consultan (estad\u00edsticas). Las cookies se instalan, por ejemplo, cuando se utiliza el bot\u00f3n \"Me gusta\" (redes sociales).<\/p>\n<p>Las cookies tambi\u00e9n nos permiten rastrear informaci\u00f3n sobre su uso de varios sitios web (cookie de seguimiento). El uso de cookies en relaci\u00f3n con la informaci\u00f3n recopilada por Goodlooking Cooking est\u00e1 sujeto a nuestra pol\u00edtica de privacidad y cookies.<\/p>\n<p>Encontrar\u00e1 m\u00e1s informaci\u00f3n sobre el tratamiento de datos (personales) en nuestro\u00a0<span style=\"text-decoration: underline;\"><a href=\"https:\/\/goodlooking-cooking.com\/es\/privacy-policy\/\">Declaraci\u00f3n de confidencialidad<\/a><\/span>.<\/p>\t\t\t\t\t\t\t\t<\/div>\n\t\t\t\t<\/div>\n\t\t\t\t\t<\/div>\n\t\t\t\t<\/div>\n\t\t\t\t<\/div>","protected":false},"excerpt":{"rendered":"<p>Cookieverklaring Goodlooking Cooking maakt gebruik van diverse soorten cookies (kleine tekstbestanden die op uw apparaat worden opgeslagen) en soortgelijke technologie\u00ebn, waardoor gegevens verzameld worden die nodig zijn om onze services te verlenen. Met cookies kunnen wij onder andere: uw voorkeuren en instellingen opslaan, fraude tegengaan, een contactformulier plaatsen, social media integreren en analyseren hoe onze [&hellip;]<\/p>\n","protected":false},"author":2,"featured_media":0,"parent":0,"menu_order":0,"comment_status":"closed","ping_status":"open","template":"elementor_header_footer","meta":{"footnotes":""},"class_list":["post-307","page","type-page","status-publish","hentry"],"yoast_head":"<!-- This site is optimized with the Yoast SEO plugin v27.4 - https:\/\/yoast.com\/product\/yoast-seo-wordpress\/ -->\n<title>Cookieverklaring - Good Looking Cooking<\/title>\n<meta name=\"robots\" content=\"index, follow, max-snippet:-1, max-image-preview:large, max-video-preview:-1\" \/>\n<link rel=\"canonical\" href=\"https:\/\/goodlooking-cooking.com\/es\/cookieverklaring\/\" \/>\n<meta property=\"og:locale\" content=\"es_ES\" \/>\n<meta property=\"og:type\" content=\"article\" \/>\n<meta property=\"og:title\" content=\"Cookieverklaring - Good Looking Cooking\" \/>\n<meta property=\"og:description\" content=\"Cookieverklaring Goodlooking Cooking maakt gebruik van diverse soorten cookies (kleine tekstbestanden die op uw apparaat worden opgeslagen) en soortgelijke technologie\u00ebn, waardoor gegevens verzameld worden die nodig zijn om onze services te verlenen. Met cookies kunnen wij onder andere: uw voorkeuren en instellingen opslaan, fraude tegengaan, een contactformulier plaatsen, social media integreren en analyseren hoe onze [&hellip;]\" \/>\n<meta property=\"og:url\" content=\"https:\/\/goodlooking-cooking.com\/es\/cookieverklaring\/\" \/>\n<meta property=\"og:site_name\" content=\"Good Looking Cooking\" \/>\n<meta property=\"article:modified_time\" content=\"2025-03-28T12:47:08+00:00\" \/>\n<meta name=\"twitter:card\" content=\"summary_large_image\" \/>\n<meta name=\"twitter:label1\" content=\"Tiempo de lectura\" \/>\n\t<meta name=\"twitter:data1\" content=\"2 minutos\" \/>\n<script type=\"application\/ld+json\" class=\"yoast-schema-graph\">{\"@context\":\"https:\\\/\\\/schema.org\",\"@graph\":[{\"@type\":\"WebPage\",\"@id\":\"https:\\\/\\\/goodlooking-cooking.com\\\/es\\\/cookieverklaring\\\/\",\"url\":\"https:\\\/\\\/goodlooking-cooking.com\\\/es\\\/cookieverklaring\\\/\",\"name\":\"Cookieverklaring - Good Looking Cooking\",\"isPartOf\":{\"@id\":\"https:\\\/\\\/goodlooking-cooking.com\\\/en\\\/#website\"},\"datePublished\":\"2025-03-28T12:45:28+00:00\",\"dateModified\":\"2025-03-28T12:47:08+00:00\",\"breadcrumb\":{\"@id\":\"https:\\\/\\\/goodlooking-cooking.com\\\/es\\\/cookieverklaring\\\/#breadcrumb\"},\"inLanguage\":\"es\",\"potentialAction\":[{\"@type\":\"ReadAction\",\"target\":[\"https:\\\/\\\/goodlooking-cooking.com\\\/es\\\/cookieverklaring\\\/\"]}]},{\"@type\":\"BreadcrumbList\",\"@id\":\"https:\\\/\\\/goodlooking-cooking.com\\\/es\\\/cookieverklaring\\\/#breadcrumb\",\"itemListElement\":[{\"@type\":\"ListItem\",\"position\":1,\"name\":\"Home\",\"item\":\"https:\\\/\\\/goodlooking-cooking.com\\\/en\\\/\"},{\"@type\":\"ListItem\",\"position\":2,\"name\":\"Cookieverklaring\"}]},{\"@type\":\"WebSite\",\"@id\":\"https:\\\/\\\/goodlooking-cooking.com\\\/en\\\/#website\",\"url\":\"https:\\\/\\\/goodlooking-cooking.com\\\/en\\\/\",\"name\":\"Good Looking Cooking\",\"description\":\"\",\"publisher\":{\"@id\":\"https:\\\/\\\/goodlooking-cooking.com\\\/en\\\/#organization\"},\"potentialAction\":[{\"@type\":\"SearchAction\",\"target\":{\"@type\":\"EntryPoint\",\"urlTemplate\":\"https:\\\/\\\/goodlooking-cooking.com\\\/en\\\/?s={search_term_string}\"},\"query-input\":{\"@type\":\"PropertyValueSpecification\",\"valueRequired\":true,\"valueName\":\"search_term_string\"}}],\"inLanguage\":\"es\"},{\"@type\":\"Organization\",\"@id\":\"https:\\\/\\\/goodlooking-cooking.com\\\/en\\\/#organization\",\"name\":\"Good Looking Cooking\",\"url\":\"https:\\\/\\\/goodlooking-cooking.com\\\/en\\\/\",\"logo\":{\"@type\":\"ImageObject\",\"inLanguage\":\"es\",\"@id\":\"https:\\\/\\\/goodlooking-cooking.com\\\/en\\\/#\\\/schema\\\/logo\\\/image\\\/\",\"url\":\"https:\\\/\\\/goodlooking-cooking.com\\\/wp-content\\\/uploads\\\/2025\\\/03\\\/Logo_GLC_Goud-transparant-e1750332443283.png\",\"contentUrl\":\"https:\\\/\\\/goodlooking-cooking.com\\\/wp-content\\\/uploads\\\/2025\\\/03\\\/Logo_GLC_Goud-transparant-e1750332443283.png\",\"width\":900,\"height\":473,\"caption\":\"Good Looking Cooking\"},\"image\":{\"@id\":\"https:\\\/\\\/goodlooking-cooking.com\\\/en\\\/#\\\/schema\\\/logo\\\/image\\\/\"}}]}<\/script>\n<!-- \/ Yoast SEO plugin. -->","yoast_head_json":{"title":"Cookieverklaring - Good Looking Cooking","robots":{"index":"index","follow":"follow","max-snippet":"max-snippet:-1","max-image-preview":"max-image-preview:large","max-video-preview":"max-video-preview:-1"},"canonical":"https:\/\/goodlooking-cooking.com\/es\/cookieverklaring\/","og_locale":"es_ES","og_type":"article","og_title":"Cookieverklaring - Good Looking Cooking","og_description":"Cookieverklaring Goodlooking Cooking maakt gebruik van diverse soorten cookies (kleine tekstbestanden die op uw apparaat worden opgeslagen) en soortgelijke technologie\u00ebn, waardoor gegevens verzameld worden die nodig zijn om onze services te verlenen. Met cookies kunnen wij onder andere: uw voorkeuren en instellingen opslaan, fraude tegengaan, een contactformulier plaatsen, social media integreren en analyseren hoe onze [&hellip;]","og_url":"https:\/\/goodlooking-cooking.com\/es\/cookieverklaring\/","og_site_name":"Good Looking Cooking","article_modified_time":"2025-03-28T12:47:08+00:00","twitter_card":"summary_large_image","twitter_misc":{"Tiempo de lectura":"2 minutos"},"schema":{"@context":"https:\/\/schema.org","@graph":[{"@type":"WebPage","@id":"https:\/\/goodlooking-cooking.com\/es\/cookieverklaring\/","url":"https:\/\/goodlooking-cooking.com\/es\/cookieverklaring\/","name":"Cookieverklaring - Good Looking Cooking","isPartOf":{"@id":"https:\/\/goodlooking-cooking.com\/en\/#website"},"datePublished":"2025-03-28T12:45:28+00:00","dateModified":"2025-03-28T12:47:08+00:00","breadcrumb":{"@id":"https:\/\/goodlooking-cooking.com\/es\/cookieverklaring\/#breadcrumb"},"inLanguage":"es","potentialAction":[{"@type":"ReadAction","target":["https:\/\/goodlooking-cooking.com\/es\/cookieverklaring\/"]}]},{"@type":"BreadcrumbList","@id":"https:\/\/goodlooking-cooking.com\/es\/cookieverklaring\/#breadcrumb","itemListElement":[{"@type":"ListItem","position":1,"name":"Home","item":"https:\/\/goodlooking-cooking.com\/en\/"},{"@type":"ListItem","position":2,"name":"Cookieverklaring"}]},{"@type":"WebSite","@id":"https:\/\/goodlooking-cooking.com\/en\/#website","url":"https:\/\/goodlooking-cooking.com\/en\/","name":"Cocina con buena pinta","description":"","publisher":{"@id":"https:\/\/goodlooking-cooking.com\/en\/#organization"},"potentialAction":[{"@type":"SearchAction","target":{"@type":"EntryPoint","urlTemplate":"https:\/\/goodlooking-cooking.com\/en\/?s={search_term_string}"},"query-input":{"@type":"PropertyValueSpecification","valueRequired":true,"valueName":"search_term_string"}}],"inLanguage":"es"},{"@type":"Organization","@id":"https:\/\/goodlooking-cooking.com\/en\/#organization","name":"Cocina con buena pinta","url":"https:\/\/goodlooking-cooking.com\/en\/","logo":{"@type":"ImageObject","inLanguage":"es","@id":"https:\/\/goodlooking-cooking.com\/en\/#\/schema\/logo\/image\/","url":"https:\/\/goodlooking-cooking.com\/wp-content\/uploads\/2025\/03\/Logo_GLC_Goud-transparant-e1750332443283.png","contentUrl":"https:\/\/goodlooking-cooking.com\/wp-content\/uploads\/2025\/03\/Logo_GLC_Goud-transparant-e1750332443283.png","width":900,"height":473,"caption":"Good Looking Cooking"},"image":{"@id":"https:\/\/goodlooking-cooking.com\/en\/#\/schema\/logo\/image\/"}}]}},"_links":{"self":[{"href":"https:\/\/goodlooking-cooking.com\/es\/wp-json\/wp\/v2\/pages\/307","targetHints":{"allow":["GET"]}}],"collection":[{"href":"https:\/\/goodlooking-cooking.com\/es\/wp-json\/wp\/v2\/pages"}],"about":[{"href":"https:\/\/goodlooking-cooking.com\/es\/wp-json\/wp\/v2\/types\/page"}],"author":[{"embeddable":true,"href":"https:\/\/goodlooking-cooking.com\/es\/wp-json\/wp\/v2\/users\/2"}],"replies":[{"embeddable":true,"href":"https:\/\/goodlooking-cooking.com\/es\/wp-json\/wp\/v2\/comments?post=307"}],"version-history":[{"count":5,"href":"https:\/\/goodlooking-cooking.com\/es\/wp-json\/wp\/v2\/pages\/307\/revisions"}],"predecessor-version":[{"id":312,"href":"https:\/\/goodlooking-cooking.com\/es\/wp-json\/wp\/v2\/pages\/307\/revisions\/312"}],"wp:attachment":[{"href":"https:\/\/goodlooking-cooking.com\/es\/wp-json\/wp\/v2\/media?parent=307"}],"curies":[{"name":"wp","href":"https:\/\/api.w.org\/{rel}","templated":true}]}}