{"id":3,"date":"2025-03-13T08:16:55","date_gmt":"2025-03-13T08:16:55","guid":{"rendered":"https:\/\/goodlooking-cooking.com\/?page_id=3"},"modified":"2025-03-28T12:44:42","modified_gmt":"2025-03-28T12:44:42","slug":"privacy-policy","status":"publish","type":"page","link":"https:\/\/goodlooking-cooking.com\/es\/privacy-policy\/","title":{"rendered":"Pol\u00edtica de privacidad"},"content":{"rendered":"<div data-elementor-type=\"wp-page\" data-elementor-id=\"3\" class=\"elementor elementor-3\" data-elementor-post-type=\"page\">\n\t\t\t\t<div class=\"elementor-element elementor-element-67899056 e-flex e-con-boxed e-con e-parent\" data-id=\"67899056\" data-element_type=\"container\" data-e-type=\"container\">\n\t\t\t\t\t<div class=\"e-con-inner\">\n\t\t\t\t<div class=\"elementor-element elementor-element-4f9bb225 elementor-widget elementor-widget-text-editor\" data-id=\"4f9bb225\" data-element_type=\"widget\" data-e-type=\"widget\" data-widget_type=\"text-editor.default\">\n\t\t\t\t<div class=\"elementor-widget-container\">\n\t\t\t\t\t\t\t\t\t\n<div id=\"main-content\">\n<article id=\"post-88\" class=\"post-88 page type-page status-publish hentry\">\n<div class=\"entry-content\">\n<div class=\"et-l et-l--post\">\n<div class=\"et_builder_inner_content et_pb_gutters3\">\n<div class=\"et_pb_section et_pb_section_1 et_section_regular\">\n<div class=\"et_pb_row et_pb_row_1\">\n<div class=\"et_pb_column et_pb_column_4_4 et_pb_column_1  et_pb_css_mix_blend_mode_passthrough et-last-child\">\n<div class=\"et_pb_module et_pb_text et_pb_text_1  et_pb_text_align_left et_pb_bg_layout_light\">\n<div class=\"et_pb_text_inner\">\n<h1 class=\"wp-block-heading\">Pol\u00edtica de privacidad<\/h1>\n<p>Somos conscientes de la confianza que deposita en nosotros. Por ello, consideramos que es nuestra responsabilidad proteger su privacidad. En esta p\u00e1gina le informamos de qu\u00e9 datos recogemos cuando utiliza nuestro sitio web, por qu\u00e9 recogemos estos datos y c\u00f3mo los utilizamos para mejorar su experiencia de usuario. As\u00ed entender\u00e1 exactamente c\u00f3mo trabajamos.<\/p>\n<p>Esta pol\u00edtica de privacidad se aplica a los servicios de Goodlooking Cooking. Debe saber que Goodlooking Cooking no es responsable de las pr\u00e1cticas de privacidad de otros sitios y recursos. El uso de este sitio web implica la aceptaci\u00f3n de la pol\u00edtica de privacidad. Goodlooking Cooking respeta la privacidad de todos los usuarios de su sitio y garantiza la confidencialidad de la informaci\u00f3n personal que nos proporcione.<\/p>\n<h4>Nuestro uso de los datos recogidos<\/h4>\n<h4>Uso de nuestros servicios<\/h4>\n<p>Cuando se suscribe a uno de nuestros servicios, le pedimos que nos facilite datos personales o de su empresa. Estos datos se utilizan para realizar el servicio. Los datos se almacenar\u00e1n en los servidores seguros de Goodlooking Cooking o de terceros. No combinaremos estos datos con otros datos personales que obren en nuestro poder.<\/p>\n<h4>Comunicaciones<\/h4>\n<p>Cuando nos env\u00ede correos electr\u00f3nicos u otros mensajes, podremos conservar dichos mensajes. A veces le pediremos sus datos personales relacionados con la situaci\u00f3n de que se trate. Esto nos permite procesar sus consultas y responder a sus peticiones. Los datos se almacenar\u00e1n en los servidores seguros de Goodlooking Cooking o de terceros. No combinaremos estos datos con otros datos personales que obren en nuestro poder.<\/p>\n<h4>Cookies<\/h4>\n<p>Recogemos datos con fines de investigaci\u00f3n para conocer mejor a nuestros clientes y poder adaptar nuestros servicios en consecuencia.<\/p>\n<p>Este sitio web utiliza \"cookies\" (archivos de texto ubicados en su ordenador) para ayudar al sitio web a analizar c\u00f3mo lo utilizan los usuarios. La informaci\u00f3n que genera la cookie acerca de su uso del sitio web puede ser transferida a los servidores seguros de Goodlooking Cooking o a los de terceros. Utilizamos esta informaci\u00f3n para rastrear c\u00f3mo utiliza el sitio web, recopilar informes sobre la actividad del sitio web y proporcionar otros servicios relacionados con la actividad del sitio web y el uso de Internet.<\/p>\n<h4>Prop\u00f3sitos<\/h4>\n<p>No recopilamos ni utilizamos informaci\u00f3n para fines distintos de los descritos en esta pol\u00edtica de privacidad a menos que hayamos obtenido su consentimiento previo.<\/p>\n<h4>Terceros<\/h4>\n<p>La informaci\u00f3n no se comparte con terceros. En algunos casos, la informaci\u00f3n puede compartirse internamente. Nuestros empleados est\u00e1n obligados a respetar la confidencialidad de sus datos.<\/p>\n<h4>Cambios<\/h4>\n<p>Esta declaraci\u00f3n de privacidad est\u00e1 adaptada al uso y las caracter\u00edsticas de este sitio. Cualquier ajuste y\/o cambio en este sitio, puede dar lugar a cambios en esta declaraci\u00f3n de privacidad. Por lo tanto, es aconsejable consultar esta declaraci\u00f3n de privacidad con regularidad.<\/p>\n<h4>Desactivar cookies<\/h4>\n<p>La mayor\u00eda de los navegadores est\u00e1n configurados para aceptar cookies por defecto, pero usted puede configurar su navegador para que rechace todas las cookies o para que le indique cu\u00e1ndo se env\u00eda una cookie. No obstante, es posible que algunas funciones y servicios, en nuestro sitio web y en otros, no funcionen correctamente si las cookies est\u00e1n desactivadas en su navegador.<\/p>\n<\/div>\n<\/div>\n<\/div>\n<\/div>\n<\/div>\n<\/div>\n<\/div>\n<\/div>\n<\/article>\n<\/div>\t\t\t\t\t\t\t\t<\/div>\n\t\t\t\t<\/div>\n\t\t\t\t\t<\/div>\n\t\t\t\t<\/div>\n\t\t\t\t<\/div>","protected":false},"excerpt":{"rendered":"<p>Privacy policy Wij zijn er van bewust dat u vertrouwen stelt in ons. Wij zien het dan ook als onze verantwoordelijkheid om uw privacy te beschermen. Op deze pagina laten we u weten welke gegevens we verzamelen als u onze website gebruikt, waarom we deze gegevens verzamelen en hoe we hiermee uw gebruikservaring verbeteren. Zo [&hellip;]<\/p>\n","protected":false},"author":1,"featured_media":0,"parent":0,"menu_order":0,"comment_status":"closed","ping_status":"open","template":"elementor_header_footer","meta":{"footnotes":""},"class_list":["post-3","page","type-page","status-publish","hentry"],"yoast_head":"<!-- This site is optimized with the Yoast SEO plugin v27.4 - https:\/\/yoast.com\/product\/yoast-seo-wordpress\/ -->\n<title>Privacy Policy - Good Looking Cooking<\/title>\n<meta name=\"robots\" content=\"index, follow, max-snippet:-1, max-image-preview:large, max-video-preview:-1\" \/>\n<link rel=\"canonical\" href=\"https:\/\/goodlooking-cooking.com\/es\/privacy-policy\/\" \/>\n<meta property=\"og:locale\" content=\"es_ES\" \/>\n<meta property=\"og:type\" content=\"article\" \/>\n<meta property=\"og:title\" content=\"Privacy Policy - Good Looking Cooking\" \/>\n<meta property=\"og:description\" content=\"Privacy policy Wij zijn er van bewust dat u vertrouwen stelt in ons. Wij zien het dan ook als onze verantwoordelijkheid om uw privacy te beschermen. Op deze pagina laten we u weten welke gegevens we verzamelen als u onze website gebruikt, waarom we deze gegevens verzamelen en hoe we hiermee uw gebruikservaring verbeteren. Zo [&hellip;]\" \/>\n<meta property=\"og:url\" content=\"https:\/\/goodlooking-cooking.com\/es\/privacy-policy\/\" \/>\n<meta property=\"og:site_name\" content=\"Good Looking Cooking\" \/>\n<meta property=\"article:modified_time\" content=\"2025-03-28T12:44:42+00:00\" \/>\n<meta name=\"twitter:card\" content=\"summary_large_image\" \/>\n<meta name=\"twitter:label1\" content=\"Tiempo de lectura\" \/>\n\t<meta name=\"twitter:data1\" content=\"3 minutos\" \/>\n<script type=\"application\/ld+json\" class=\"yoast-schema-graph\">{\"@context\":\"https:\\\/\\\/schema.org\",\"@graph\":[{\"@type\":\"WebPage\",\"@id\":\"https:\\\/\\\/goodlooking-cooking.com\\\/privacy-policy\\\/\",\"url\":\"https:\\\/\\\/goodlooking-cooking.com\\\/privacy-policy\\\/\",\"name\":\"Privacy Policy - Good Looking Cooking\",\"isPartOf\":{\"@id\":\"https:\\\/\\\/goodlooking-cooking.com\\\/en\\\/#website\"},\"datePublished\":\"2025-03-13T08:16:55+00:00\",\"dateModified\":\"2025-03-28T12:44:42+00:00\",\"breadcrumb\":{\"@id\":\"https:\\\/\\\/goodlooking-cooking.com\\\/privacy-policy\\\/#breadcrumb\"},\"inLanguage\":\"es\",\"potentialAction\":[{\"@type\":\"ReadAction\",\"target\":[\"https:\\\/\\\/goodlooking-cooking.com\\\/privacy-policy\\\/\"]}]},{\"@type\":\"BreadcrumbList\",\"@id\":\"https:\\\/\\\/goodlooking-cooking.com\\\/privacy-policy\\\/#breadcrumb\",\"itemListElement\":[{\"@type\":\"ListItem\",\"position\":1,\"name\":\"Home\",\"item\":\"https:\\\/\\\/goodlooking-cooking.com\\\/en\\\/\"},{\"@type\":\"ListItem\",\"position\":2,\"name\":\"Privacy Policy\"}]},{\"@type\":\"WebSite\",\"@id\":\"https:\\\/\\\/goodlooking-cooking.com\\\/en\\\/#website\",\"url\":\"https:\\\/\\\/goodlooking-cooking.com\\\/en\\\/\",\"name\":\"Good Looking Cooking\",\"description\":\"\",\"publisher\":{\"@id\":\"https:\\\/\\\/goodlooking-cooking.com\\\/en\\\/#organization\"},\"potentialAction\":[{\"@type\":\"SearchAction\",\"target\":{\"@type\":\"EntryPoint\",\"urlTemplate\":\"https:\\\/\\\/goodlooking-cooking.com\\\/en\\\/?s={search_term_string}\"},\"query-input\":{\"@type\":\"PropertyValueSpecification\",\"valueRequired\":true,\"valueName\":\"search_term_string\"}}],\"inLanguage\":\"es\"},{\"@type\":\"Organization\",\"@id\":\"https:\\\/\\\/goodlooking-cooking.com\\\/en\\\/#organization\",\"name\":\"Good Looking Cooking\",\"url\":\"https:\\\/\\\/goodlooking-cooking.com\\\/en\\\/\",\"logo\":{\"@type\":\"ImageObject\",\"inLanguage\":\"es\",\"@id\":\"https:\\\/\\\/goodlooking-cooking.com\\\/en\\\/#\\\/schema\\\/logo\\\/image\\\/\",\"url\":\"https:\\\/\\\/goodlooking-cooking.com\\\/wp-content\\\/uploads\\\/2025\\\/03\\\/Logo_GLC_Goud-transparant-e1750332443283.png\",\"contentUrl\":\"https:\\\/\\\/goodlooking-cooking.com\\\/wp-content\\\/uploads\\\/2025\\\/03\\\/Logo_GLC_Goud-transparant-e1750332443283.png\",\"width\":900,\"height\":473,\"caption\":\"Good Looking Cooking\"},\"image\":{\"@id\":\"https:\\\/\\\/goodlooking-cooking.com\\\/en\\\/#\\\/schema\\\/logo\\\/image\\\/\"}}]}<\/script>\n<!-- \/ Yoast SEO plugin. -->","yoast_head_json":{"title":"Privacy Policy - Good Looking Cooking","robots":{"index":"index","follow":"follow","max-snippet":"max-snippet:-1","max-image-preview":"max-image-preview:large","max-video-preview":"max-video-preview:-1"},"canonical":"https:\/\/goodlooking-cooking.com\/es\/privacy-policy\/","og_locale":"es_ES","og_type":"article","og_title":"Privacy Policy - Good Looking Cooking","og_description":"Privacy policy Wij zijn er van bewust dat u vertrouwen stelt in ons. Wij zien het dan ook als onze verantwoordelijkheid om uw privacy te beschermen. Op deze pagina laten we u weten welke gegevens we verzamelen als u onze website gebruikt, waarom we deze gegevens verzamelen en hoe we hiermee uw gebruikservaring verbeteren. Zo [&hellip;]","og_url":"https:\/\/goodlooking-cooking.com\/es\/privacy-policy\/","og_site_name":"Good Looking Cooking","article_modified_time":"2025-03-28T12:44:42+00:00","twitter_card":"summary_large_image","twitter_misc":{"Tiempo de lectura":"3 minutos"},"schema":{"@context":"https:\/\/schema.org","@graph":[{"@type":"WebPage","@id":"https:\/\/goodlooking-cooking.com\/privacy-policy\/","url":"https:\/\/goodlooking-cooking.com\/privacy-policy\/","name":"Privacy Policy - Good Looking Cooking","isPartOf":{"@id":"https:\/\/goodlooking-cooking.com\/en\/#website"},"datePublished":"2025-03-13T08:16:55+00:00","dateModified":"2025-03-28T12:44:42+00:00","breadcrumb":{"@id":"https:\/\/goodlooking-cooking.com\/privacy-policy\/#breadcrumb"},"inLanguage":"es","potentialAction":[{"@type":"ReadAction","target":["https:\/\/goodlooking-cooking.com\/privacy-policy\/"]}]},{"@type":"BreadcrumbList","@id":"https:\/\/goodlooking-cooking.com\/privacy-policy\/#breadcrumb","itemListElement":[{"@type":"ListItem","position":1,"name":"Home","item":"https:\/\/goodlooking-cooking.com\/en\/"},{"@type":"ListItem","position":2,"name":"Privacy Policy"}]},{"@type":"WebSite","@id":"https:\/\/goodlooking-cooking.com\/en\/#website","url":"https:\/\/goodlooking-cooking.com\/en\/","name":"Cocina con buena pinta","description":"","publisher":{"@id":"https:\/\/goodlooking-cooking.com\/en\/#organization"},"potentialAction":[{"@type":"SearchAction","target":{"@type":"EntryPoint","urlTemplate":"https:\/\/goodlooking-cooking.com\/en\/?s={search_term_string}"},"query-input":{"@type":"PropertyValueSpecification","valueRequired":true,"valueName":"search_term_string"}}],"inLanguage":"es"},{"@type":"Organization","@id":"https:\/\/goodlooking-cooking.com\/en\/#organization","name":"Cocina con buena pinta","url":"https:\/\/goodlooking-cooking.com\/en\/","logo":{"@type":"ImageObject","inLanguage":"es","@id":"https:\/\/goodlooking-cooking.com\/en\/#\/schema\/logo\/image\/","url":"https:\/\/goodlooking-cooking.com\/wp-content\/uploads\/2025\/03\/Logo_GLC_Goud-transparant-e1750332443283.png","contentUrl":"https:\/\/goodlooking-cooking.com\/wp-content\/uploads\/2025\/03\/Logo_GLC_Goud-transparant-e1750332443283.png","width":900,"height":473,"caption":"Good Looking Cooking"},"image":{"@id":"https:\/\/goodlooking-cooking.com\/en\/#\/schema\/logo\/image\/"}}]}},"_links":{"self":[{"href":"https:\/\/goodlooking-cooking.com\/es\/wp-json\/wp\/v2\/pages\/3","targetHints":{"allow":["GET"]}}],"collection":[{"href":"https:\/\/goodlooking-cooking.com\/es\/wp-json\/wp\/v2\/pages"}],"about":[{"href":"https:\/\/goodlooking-cooking.com\/es\/wp-json\/wp\/v2\/types\/page"}],"author":[{"embeddable":true,"href":"https:\/\/goodlooking-cooking.com\/es\/wp-json\/wp\/v2\/users\/1"}],"replies":[{"embeddable":true,"href":"https:\/\/goodlooking-cooking.com\/es\/wp-json\/wp\/v2\/comments?post=3"}],"version-history":[{"count":4,"href":"https:\/\/goodlooking-cooking.com\/es\/wp-json\/wp\/v2\/pages\/3\/revisions"}],"predecessor-version":[{"id":306,"href":"https:\/\/goodlooking-cooking.com\/es\/wp-json\/wp\/v2\/pages\/3\/revisions\/306"}],"wp:attachment":[{"href":"https:\/\/goodlooking-cooking.com\/es\/wp-json\/wp\/v2\/media?parent=3"}],"curies":[{"name":"wp","href":"https:\/\/api.w.org\/{rel}","templated":true}]}}